{"id":8600,"date":"2015-05-15T09:39:14","date_gmt":"2015-05-15T07:39:14","guid":{"rendered":"http:\/\/praxis-sempach.ch\/?page_id=8600"},"modified":"2025-08-25T14:18:21","modified_gmt":"2025-08-25T12:18:21","slug":"accueil","status":"publish","type":"page","link":"https:\/\/praxis-sempach.musitext.ch\/fr\/","title":{"rendered":"Accueil"},"content":{"rendered":"<p>[et_pb_section fb_built=\u00a0\u00bb1&Prime; inner_shadow=\u00a0\u00bbon\u00a0\u00bb admin_label=\u00a0\u00bbsection\u00a0\u00bb _builder_version=\u00a0\u00bb4.16&Prime; background_color=\u00a0\u00bb#ffffff\u00a0\u00bb background_image=\u00a0\u00bbhttps:\/\/praxis-sempach.musitext.ch\/wp-content\/uploads\/2015\/01\/praxis_sempach_bild_1.jpg\u00a0\u00bb box_shadow_style=\u00a0\u00bbpreset1&Prime; box_shadow_color=\u00a0\u00bb#a5a4a7&Prime; global_colors_info=\u00a0\u00bb{}\u00a0\u00bb][et_pb_row _builder_version=\u00a0\u00bb4.27.4&Prime; _module_preset=\u00a0\u00bbdefault\u00a0\u00bb global_colors_info=\u00a0\u00bb{}\u00a0\u00bb][et_pb_column type=\u00a0\u00bb4_4&Prime; _builder_version=\u00a0\u00bb4.27.4&Prime; _module_preset=\u00a0\u00bbdefault\u00a0\u00bb global_colors_info=\u00a0\u00bb{}\u00a0\u00bb][et_pb_text _builder_version=\u00a0\u00bb4.27.4&Prime; _module_preset=\u00a0\u00bbdefault\u00a0\u00bb text_text_color=\u00a0\u00bb#FFFFFF\u00a0\u00bb header_2_text_color=\u00a0\u00bb#FFFFFF\u00a0\u00bb background_color=\u00a0\u00bb#1a8370&Prime; custom_margin=\u00a0\u00bb50px|50px|50px|50px|true|true\u00a0\u00bb custom_padding=\u00a0\u00bb40px|40px|40px|40px|true|true\u00a0\u00bb hover_enabled=\u00a0\u00bb0&Prime; global_colors_info=\u00a0\u00bb{}\u00a0\u00bb custom_margin_last_edited=\u00a0\u00bbon|tablet\u00a0\u00bb sticky_enabled=\u00a0\u00bb0&Prime; custom_margin_phone=\u00a0\u00bb|0px||0px|true|true\u00a0\u00bb custom_margin_tablet=\u00a0\u00bb|20px||20px|true|true\u00a0\u00bb]<\/p>\n<h2><strong>Heures d&rsquo;ouverture sp\u00e9ciales durant les travaux de r\u00e9novation<\/strong><\/h2>\n<p>Le cabinet sera ferm\u00e9 du mercredi 17 au dimanche 21 septembre 2025. Nous ne serons pas atteignables par t\u00e9l\u00e9phone durant cette p\u00e9riode.<\/p>\n<p>Du lundi 22 au mardi 30 septembre 2025, nous vous r\u00e9pondrons par t\u00e9l\u00e9phone de 8h00 \u00e0 12h00. Aucun rendez-vous ne pourra toutefois \u00eatre pris durant cette p\u00e9riode.<\/p>\n<p>Des rendez-vous avec le Dr Lukas Brander \u00e0 partir d&rsquo;octobre 2025 peuvent d\u00e9j\u00e0 \u00eatre pris d\u00e8s \u00e0 pr\u00e9sent.<\/p>\n<h2><strong>Ap\u00e9ro pour la transmission du cabinet<\/strong><\/h2>\n<p>\u00c0 l&rsquo;occasion de la transmission du cabinet, le Dr Pius M\u00fcller et le Dr Lukas Brander invitent les patients et patientes du Praxis Sempach \u00e0 un ap\u00e9ritif. Celui-ci aura lieu mardi 30 septembre 2025, de 17h00 \u00e0 20h00 dans les locaux du cabinet.<\/p>\n<p>[\/et_pb_text][\/et_pb_column][\/et_pb_row][\/et_pb_section][et_pb_section fb_built=\u00a0\u00bb1&Prime; _builder_version=\u00a0\u00bb4.16&Prime; global_colors_info=\u00a0\u00bb{}\u00a0\u00bb][et_pb_row _builder_version=\u00a0\u00bb4.16&Prime; background_size=\u00a0\u00bbinitial\u00a0\u00bb background_position=\u00a0\u00bbtop_left\u00a0\u00bb background_repeat=\u00a0\u00bbrepeat\u00a0\u00bb global_colors_info=\u00a0\u00bb{}\u00a0\u00bb][et_pb_column type=\u00a0\u00bb4_4&Prime; _builder_version=\u00a0\u00bb4.16&Prime; custom_padding=\u00a0\u00bb|||\u00a0\u00bb global_colors_info=\u00a0\u00bb{}\u00a0\u00bb custom_padding__hover=\u00a0\u00bb|||\u00a0\u00bb][et_pb_text _builder_version=\u00a0\u00bb4.16&Prime; text_font=\u00a0\u00bbMuli|300||on|||||\u00a0\u00bb text_font_size=\u00a0\u00bb30px\u00a0\u00bb text_letter_spacing=\u00a0\u00bb2px\u00a0\u00bb header_font=\u00a0\u00bbMuli|300||on|||||\u00a0\u00bb header_text_align=\u00a0\u00bbcenter\u00a0\u00bb header_text_color=\u00a0\u00bb#4c4a4f\u00a0\u00bb header_letter_spacing=\u00a0\u00bb1px\u00a0\u00bb header_line_height=\u00a0\u00bb1.7em\u00a0\u00bb text_orientation=\u00a0\u00bbcenter\u00a0\u00bb text_font_size_tablet=\u00a0\u00bb\u00a0\u00bb text_font_size_phone=\u00a0\u00bb\u00a0\u00bb text_font_size_last_edited=\u00a0\u00bbon|desktop\u00a0\u00bb header_font_size_tablet=\u00a0\u00bb\u00a0\u00bb header_font_size_phone=\u00a0\u00bb22px\u00a0\u00bb header_font_size_last_edited=\u00a0\u00bbon|phone\u00a0\u00bb global_colors_info=\u00a0\u00bb{}\u00a0\u00bb]<\/p>\n<h1 style=\"text-align: center;\">M\u00e9decin de premier recours \u00e0 Sempach et environs<\/h1>\n<p>[\/et_pb_text][\/et_pb_column][\/et_pb_row][et_pb_row column_structure=\u00a0\u00bb1_3,2_3&Prime; _builder_version=\u00a0\u00bb4.16&Prime; background_size=\u00a0\u00bbinitial\u00a0\u00bb background_position=\u00a0\u00bbtop_left\u00a0\u00bb background_repeat=\u00a0\u00bbrepeat\u00a0\u00bb global_colors_info=\u00a0\u00bb{}\u00a0\u00bb][et_pb_column type=\u00a0\u00bb1_3&Prime; _builder_version=\u00a0\u00bb4.16&Prime; custom_padding=\u00a0\u00bb|||\u00a0\u00bb global_colors_info=\u00a0\u00bb{}\u00a0\u00bb custom_padding__hover=\u00a0\u00bb|||\u00a0\u00bb][et_pb_image src=\u00a0\u00bbhttps:\/\/praxis-sempach.musitext.ch\/wp-content\/uploads\/2025\/05\/praxis_sempach_dr_pius_mueller.jpg\u00a0\u00bb title_text=\u00a0\u00bbpraxis_sempach_dr_pius_mueller\u00a0\u00bb align_tablet=\u00a0\u00bbcenter\u00a0\u00bb align_phone=\u00a0\u00bb\u00a0\u00bb align_last_edited=\u00a0\u00bbon|desktop\u00a0\u00bb admin_label=\u00a0\u00bbImage Dr. Pius M\u00fcller\u00a0\u00bb _builder_version=\u00a0\u00bb4.27.4&Prime; box_shadow_style=\u00a0\u00bbpreset1&Prime; box_shadow_color=\u00a0\u00bb#a5a4a7&Prime; always_center_on_mobile=\u00a0\u00bbon\u00a0\u00bb global_colors_info=\u00a0\u00bb{}\u00a0\u00bb][\/et_pb_image][\/et_pb_column][et_pb_column type=\u00a0\u00bb2_3&Prime; _builder_version=\u00a0\u00bb4.16&Prime; custom_padding=\u00a0\u00bb|||\u00a0\u00bb global_colors_info=\u00a0\u00bb{}\u00a0\u00bb custom_padding__hover=\u00a0\u00bb|||\u00a0\u00bb][et_pb_text admin_label=\u00a0\u00bbTitre 1. page d\u00e9part Dr M\u00fcller\u00a0\u00bb _builder_version=\u00a0\u00bb4.27.4&Prime; _module_preset=\u00a0\u00bbdefault\u00a0\u00bb custom_margin=\u00a0\u00bb||5px||false|false\u00a0\u00bb global_colors_info=\u00a0\u00bb{}\u00a0\u00bb]<\/p>\n<h3>Ch\u00e8res patientes, chers patients<\/h3>\n<p>[\/et_pb_text][et_pb_text admin_label=\u00a0\u00bbTexte Bienvenue Dr Brander\u00a0\u00bb _builder_version=\u00a0\u00bb4.27.4&Prime; _module_preset=\u00a0\u00bbdefault\u00a0\u00bb global_colors_info=\u00a0\u00bb{}\u00a0\u00bb]<\/p>\n<div class=\"font-claude-message  relative  leading-[1.65rem]  [&amp;_pre&gt;div]:bg-bg-000\/50  [&amp;_pre&gt;div]:border-0.5  [&amp;_pre&gt;div]:border-border-400  [&amp;_.ignore-pre-bg&gt;div]:bg-transparent  [&amp;&gt;div&gt;div&gt;:is(p,blockquote,h1,h2,h3,h4,h5,h6)]:pl-2  [&amp;&gt;div&gt;div&gt;:is(p,blockquote,ul,ol,h1,h2,h3,h4,h5,h6)]:pr-8\">\n<div>\n<div class=\"grid-cols-1 grid gap-2.5 [&amp;_&gt;_*]:min-w-0\">\n<p class=\"whitespace-pre-wrap break-words\">Toute chose a une fin: \u00e0 l&rsquo;approche d&rsquo;une nouvelle d\u00e9cennie de ma vie, j&rsquo;ai d\u00e9cid\u00e9 de mettre un terme \u00e0 mon activit\u00e9 professionnelle. Je vous informe d\u00e8s lors que je cesserai mes consultations \u00e0 la mi- septembre 2025.<\/p>\n<p>Je profite de l&rsquo;occasion pour remercier mon \u00e9pouse Michelle Bulloch (<a href=\"https:\/\/musitext.ch\/\" target=\"_blank\" rel=\"noopener\">Musitext<\/a>) pour la cr\u00e9ation, la maintenance et la constante mise \u00e0 jour du site web du cabinet depuis plus de 10 ans. En octobre, un nouveau site web sera mis en ligne et sa gestion passera en d&rsquo;autres mains.<\/p>\n<p>Je tiens aussi \u00e0 remercier l&rsquo;architecte <a href=\"https:\/\/www.architekturbuero-kretz.ch\/\" target=\"_blank\" rel=\"noopener\">Richard Kretz<\/a> et son \u00e9quipe, qui ont con\u00e7u, meubl\u00e9 et d\u00e9fini le concept couleur du cabinet il y a bient\u00f4t 30 ans. Pendant toutes ces ann\u00e9es, je me suis toujours senti \u00e0 l&rsquo;aise dans ces locaux et n&rsquo;ai jamais ressenti le besoin de proc\u00e9der \u00e0 des changements. Pour la remise du cabinet, le sol sera rafra\u00eechi, les murs repeints et les deux derni\u00e8res anciennes fen\u00eatres remplac\u00e9es. Le cabinet retrouvera ainsi toute sa fra\u00eecheur initiale.<\/p>\n<p class=\"whitespace-pre-wrap break-words\">J&rsquo;ai le plaisir de vous pr\u00e9senter mon successeur: \u00e0 partir de d\u00e9but octobre 2025, le Dr Lukas Brander, sp\u00e9cialiste en m\u00e9decine interne FMH, reprendra le cabinet et continuera \u00e0 s&rsquo;occuper des patientes et des patients, avec le soutien des assistantes m\u00e9dicales d\u00e9j\u00e0 en place. Une br\u00e8ve pr\u00e9sentation de Lukas Brander figure ci-dessous.<\/p>\n<p class=\"whitespace-pre-wrap break-words\">Je vous remercie pour la confiance que vous m&rsquo;avez accord\u00e9e et pour l&rsquo;accueil bienveillant que vous r\u00e9serverez \u00e0 mon successeur.<\/p>\n<p class=\"whitespace-pre-wrap break-words\">Dr med. Pius M\u00fcller<\/p>\n<\/div>\n<\/div>\n<\/div>\n<p>[\/et_pb_text][\/et_pb_column][\/et_pb_row][et_pb_row column_structure=\u00a0\u00bb2_3,1_3&Prime; _builder_version=\u00a0\u00bb4.27.4&Prime; _module_preset=\u00a0\u00bbdefault\u00a0\u00bb global_colors_info=\u00a0\u00bb{}\u00a0\u00bb][et_pb_column type=\u00a0\u00bb2_3&Prime; _builder_version=\u00a0\u00bb4.27.4&Prime; _module_preset=\u00a0\u00bbdefault\u00a0\u00bb global_colors_info=\u00a0\u00bb{}\u00a0\u00bb][et_pb_text admin_label=\u00a0\u00bbTitre Bienvenue Dr Brander\u00a0\u00bb _builder_version=\u00a0\u00bb4.27.4&Prime; _module_preset=\u00a0\u00bbdefault\u00a0\u00bb custom_margin=\u00a0\u00bb||5px||false|false\u00a0\u00bb global_colors_info=\u00a0\u00bb{}\u00a0\u00bb]<\/p>\n<h3>Bienvenue au Dr Lukas Brander<\/h3>\n<p>[\/et_pb_text][et_pb_text _builder_version=\u00a0\u00bb4.27.4&Prime; _module_preset=\u00a0\u00bbdefault\u00a0\u00bb global_colors_info=\u00a0\u00bb{}\u00a0\u00bb]<\/p>\n<p>Lukas Brander vit depuis de nombreuses ann\u00e9es avec sa famille \u00e0 Neuenkirch. Au terme de ses \u00e9tudes de m\u00e9decine \u00e0 l&rsquo;Universit\u00e9 de Berne, il a travaill\u00e9 dans un cabinet de m\u00e9decine de premier recours \u00e0 Klosters, puis \u00e0 l&rsquo;h\u00f4pital de Wolhusen et \u00e0 l&rsquo;h\u00f4pital cantonal de Lucerne, compl\u00e9tant ainsi sa formation de sp\u00e9cialiste en m\u00e9decine interne g\u00e9n\u00e9rale.<\/p>\n<p>Apr\u00e8s une formation compl\u00e9mentaire en tant que sp\u00e9cialiste en m\u00e9decine intensive et de nombreuses ann\u00e9es de m\u00e9decine hospitali\u00e8re, il a d\u00e9cid\u00e9 en 2020 de revenir \u00e0 la m\u00e9decine de famille et d&rsquo;accorder davantage de place \u00e0 sa famille ainsi qu&rsquo;\u00e0 ses passions sportives et musicales.<\/p>\n<p>Le Dr Lukas Brander se r\u00e9jouit de reprendre le cabinet m\u00e9dical du Dr Pius M\u00fcller \u00e0 partir du mois d&rsquo;octobre 2025 et d&rsquo;y rencontrer des visages familiers et nouveaux. En collaboration avec les assistantes m\u00e9dicales d\u00e9j\u00e0 en place, il aura \u00e0 c\u0153ur de prendre soin, conseiller et accompagner les patientes et patients en tant que m\u00e9decin de famille.<\/p>\n<p>[\/et_pb_text][\/et_pb_column][et_pb_column type=\u00a0\u00bb1_3&Prime; _builder_version=\u00a0\u00bb4.27.4&Prime; _module_preset=\u00a0\u00bbdefault\u00a0\u00bb global_colors_info=\u00a0\u00bb{}\u00a0\u00bb][et_pb_image src=\u00a0\u00bbhttps:\/\/praxis-sempach.musitext.ch\/wp-content\/uploads\/2025\/05\/praxis_sempach_dr_lukas_brander_portrat.jpg\u00a0\u00bb title_text=\u00a0\u00bbpraxis_sempach_dr_lukas_brander_portra\u0308t\u00a0\u00bb align_tablet=\u00a0\u00bbcenter\u00a0\u00bb align_phone=\u00a0\u00bbcenter\u00a0\u00bb align_last_edited=\u00a0\u00bbon|desktop\u00a0\u00bb admin_label=\u00a0\u00bbImage Dr. Brander\u00a0\u00bb _builder_version=\u00a0\u00bb4.27.4&Prime; _module_preset=\u00a0\u00bbdefault\u00a0\u00bb box_shadow_style=\u00a0\u00bbpreset1&Prime; box_shadow_color=\u00a0\u00bb#a5a4a7&Prime; global_colors_info=\u00a0\u00bb{}\u00a0\u00bb][\/et_pb_image][\/et_pb_column][\/et_pb_row][\/et_pb_section]<\/p>\n","protected":false},"excerpt":{"rendered":"<p>Heures d&rsquo;ouverture sp\u00e9ciales durant les travaux de r\u00e9novation Le cabinet sera ferm\u00e9 du mercredi 17 au dimanche 21 septembre 2025. Nous ne serons pas atteignables par t\u00e9l\u00e9phone durant cette p\u00e9riode. Du lundi 22 au mardi 30 septembre 2025, nous vous r\u00e9pondrons par t\u00e9l\u00e9phone de 8h00 \u00e0 12h00. Aucun rendez-vous ne pourra toutefois \u00eatre pris durant [&hellip;]<\/p>\n","protected":false},"author":1,"featured_media":0,"parent":0,"menu_order":0,"comment_status":"open","ping_status":"open","template":"","meta":{"_et_pb_use_builder":"on","_et_pb_old_content":"","_et_gb_content_width":"","footnotes":""},"difl_page_category":[],"class_list":["post-8600","page","type-page","status-publish","hentry"],"_links":{"self":[{"href":"https:\/\/praxis-sempach.musitext.ch\/fr\/wp-json\/wp\/v2\/pages\/8600","targetHints":{"allow":["GET"]}}],"collection":[{"href":"https:\/\/praxis-sempach.musitext.ch\/fr\/wp-json\/wp\/v2\/pages"}],"about":[{"href":"https:\/\/praxis-sempach.musitext.ch\/fr\/wp-json\/wp\/v2\/types\/page"}],"author":[{"embeddable":true,"href":"https:\/\/praxis-sempach.musitext.ch\/fr\/wp-json\/wp\/v2\/users\/1"}],"replies":[{"embeddable":true,"href":"https:\/\/praxis-sempach.musitext.ch\/fr\/wp-json\/wp\/v2\/comments?post=8600"}],"version-history":[{"count":63,"href":"https:\/\/praxis-sempach.musitext.ch\/fr\/wp-json\/wp\/v2\/pages\/8600\/revisions"}],"predecessor-version":[{"id":10704,"href":"https:\/\/praxis-sempach.musitext.ch\/fr\/wp-json\/wp\/v2\/pages\/8600\/revisions\/10704"}],"wp:attachment":[{"href":"https:\/\/praxis-sempach.musitext.ch\/fr\/wp-json\/wp\/v2\/media?parent=8600"}],"wp:term":[{"taxonomy":"difl_page_category","embeddable":true,"href":"https:\/\/praxis-sempach.musitext.ch\/fr\/wp-json\/wp\/v2\/difl_page_category?post=8600"}],"curies":[{"name":"wp","href":"https:\/\/api.w.org\/{rel}","templated":true}]}}