{"id":8618,"date":"2015-05-15T10:23:40","date_gmt":"2015-05-15T08:23:40","guid":{"rendered":"http:\/\/praxis-sempach.ch\/?page_id=8618"},"modified":"2023-03-01T11:56:47","modified_gmt":"2023-03-01T10:56:47","slug":"offre","status":"publish","type":"page","link":"https:\/\/praxis-sempach.musitext.ch\/fr\/offre\/","title":{"rendered":"Offre"},"content":{"rendered":"<p>[et_pb_section fb_built=\u00a0\u00bb1&Prime; inner_shadow=\u00a0\u00bbon\u00a0\u00bb admin_label=\u00a0\u00bbsection\u00a0\u00bb _builder_version=\u00a0\u00bb4.16&Prime; background_color=\u00a0\u00bb#ffffff\u00a0\u00bb background_image=\u00a0\u00bbhttps:\/\/praxis-sempach.musitext.ch\/wp-content\/uploads\/2015\/02\/praxis_sempach_bild_9.jpg\u00a0\u00bb box_shadow_style=\u00a0\u00bbpreset1&Prime; box_shadow_color=\u00a0\u00bb#a5a4a7&Prime; global_colors_info=\u00a0\u00bb{}\u00a0\u00bb][et_pb_row admin_label=\u00a0\u00bbrow\u00a0\u00bb _builder_version=\u00a0\u00bb4.16&Prime; background_size=\u00a0\u00bbinitial\u00a0\u00bb background_position=\u00a0\u00bbtop_left\u00a0\u00bb background_repeat=\u00a0\u00bbrepeat\u00a0\u00bb global_colors_info=\u00a0\u00bb{}\u00a0\u00bb][et_pb_column type=\u00a0\u00bb4_4&Prime; _builder_version=\u00a0\u00bb4.16&Prime; custom_padding=\u00a0\u00bb|||\u00a0\u00bb global_colors_info=\u00a0\u00bb{}\u00a0\u00bb custom_padding__hover=\u00a0\u00bb|||\u00a0\u00bb][et_pb_divider show_divider=\u00a0\u00bboff\u00a0\u00bb disabled_on=\u00a0\u00bbon|on|off\u00a0\u00bb _builder_version=\u00a0\u00bb4.18.0&Prime; height=\u00a0\u00bb270px\u00a0\u00bb height_tablet=\u00a0\u00bb100px\u00a0\u00bb height_phone=\u00a0\u00bb100px\u00a0\u00bb height_last_edited=\u00a0\u00bbon|phone\u00a0\u00bb custom_padding=\u00a0\u00bb||||true|false\u00a0\u00bb custom_padding_tablet=\u00a0\u00bb||||true|false\u00a0\u00bb custom_padding_phone=\u00a0\u00bb||||true|false\u00a0\u00bb custom_padding_last_edited=\u00a0\u00bbon|phone\u00a0\u00bb z_index_tablet=\u00a0\u00bb500&Prime; global_colors_info=\u00a0\u00bb{}\u00a0\u00bb][\/et_pb_divider][\/et_pb_column][\/et_pb_row][\/et_pb_section][et_pb_section fb_built=\u00a0\u00bb1&Prime; admin_label=\u00a0\u00bbsection\u00a0\u00bb _builder_version=\u00a0\u00bb4.16&Prime; global_colors_info=\u00a0\u00bb{}\u00a0\u00bb][et_pb_row admin_label=\u00a0\u00bbZeile\u00a0\u00bb _builder_version=\u00a0\u00bb4.16&Prime; background_size=\u00a0\u00bbinitial\u00a0\u00bb background_position=\u00a0\u00bbtop_left\u00a0\u00bb background_repeat=\u00a0\u00bbrepeat\u00a0\u00bb global_colors_info=\u00a0\u00bb{}\u00a0\u00bb][et_pb_column type=\u00a0\u00bb4_4&Prime; _builder_version=\u00a0\u00bb4.16&Prime; custom_padding=\u00a0\u00bb|||\u00a0\u00bb global_colors_info=\u00a0\u00bb{}\u00a0\u00bb custom_padding__hover=\u00a0\u00bb|||\u00a0\u00bb][et_pb_text _builder_version=\u00a0\u00bb4.20.0&Prime; background_size=\u00a0\u00bbinitial\u00a0\u00bb background_position=\u00a0\u00bbtop_left\u00a0\u00bb background_repeat=\u00a0\u00bbrepeat\u00a0\u00bb hover_enabled=\u00a0\u00bb0&Prime; use_border_color=\u00a0\u00bboff\u00a0\u00bb border_color=\u00a0\u00bb#ffffff\u00a0\u00bb border_style=\u00a0\u00bbsolid\u00a0\u00bb global_colors_info=\u00a0\u00bb{}\u00a0\u00bb sticky_enabled=\u00a0\u00bb0&Prime;]<\/p>\n<h2>OFFRE<\/h2>\n<ul>\n<li>M\u00e9decine de premiers recours pour enfants, adultes et a\u00een\u00e9s<\/li>\n<li>Prise en compte des aspects psychologiques et sociaux de la sant\u00e9<\/li>\n<li>Collaboration avec les sp\u00e9cialistes de la r\u00e9gion et les h\u00f4pitaux<\/li>\n<li>Prise en charge des accidents ; petite chirurgie<\/li>\n<li>Propharmacie (remise de m\u00e9dicaments par le m\u00e9decin)<\/li>\n<li>Visites \u00e0 domicile \u00e0 Sempach et dans les environs imm\u00e9diats<\/li>\n<li>Accompagnement m\u00e9dical des habitants de l&rsquo;EMS Meierh\u00f6fli, Sempach<\/li>\n<li>M\u00e9decin scolaire \u00e0 l&rsquo;\u00e9cole de Sempach (\u00e9cole enfantine|primaire)<\/li>\n<li>Participation au service de garde de la r\u00e9gion, au cabinet (en semaine de 8 \u00e0 18 heures, le samedi de 8 \u00e0 12 heures)<\/li>\n<li>Charg\u00e9 d&rsquo;enseignement pour la m\u00e9decine de premier recours \u00e0 la Facult\u00e9 de m\u00e9decine de l&rsquo;Universit\u00e9 de Berne (stages pour \u00e9tudiants en m\u00e9decine)<\/li>\n<\/ul>\n<h2>INFRASTRUCTURE<\/h2>\n<ul>\n<li>Equipement technique usuel: radiologie, laboratoire, \u00e9lectrocardiogramme, fonctions pulmonaires<\/li>\n<li>Propharmacie<\/li>\n<li>Dossier \u00e9lectronique<\/li>\n<\/ul>\n<h2>FACTURATION<\/h2>\n<ul>\n<li>Tiers payant<\/li>\n<li>Tiers garant<\/li>\n<\/ul>\n<p>&nbsp;<\/p>\n<p>&nbsp;<\/p>\n<p>&nbsp;<\/p>\n<p>[\/et_pb_text][\/et_pb_column][\/et_pb_row][\/et_pb_section]<\/p>\n","protected":false},"excerpt":{"rendered":"<p>OFFRE M\u00e9decine de premiers recours pour enfants, adultes et a\u00een\u00e9s Prise en compte des aspects psychologiques et sociaux de la sant\u00e9 Collaboration avec les sp\u00e9cialistes de la r\u00e9gion et les h\u00f4pitaux Prise en charge des accidents ; petite chirurgie Propharmacie (remise de m\u00e9dicaments par le m\u00e9decin) Visites \u00e0 domicile \u00e0 Sempach et dans les environs [&hellip;]<\/p>\n","protected":false},"author":1,"featured_media":0,"parent":0,"menu_order":0,"comment_status":"open","ping_status":"open","template":"","meta":{"_et_pb_use_builder":"on","_et_pb_old_content":"","_et_gb_content_width":"","footnotes":""},"difl_page_category":[],"class_list":["post-8618","page","type-page","status-publish","hentry"],"_links":{"self":[{"href":"https:\/\/praxis-sempach.musitext.ch\/fr\/wp-json\/wp\/v2\/pages\/8618","targetHints":{"allow":["GET"]}}],"collection":[{"href":"https:\/\/praxis-sempach.musitext.ch\/fr\/wp-json\/wp\/v2\/pages"}],"about":[{"href":"https:\/\/praxis-sempach.musitext.ch\/fr\/wp-json\/wp\/v2\/types\/page"}],"author":[{"embeddable":true,"href":"https:\/\/praxis-sempach.musitext.ch\/fr\/wp-json\/wp\/v2\/users\/1"}],"replies":[{"embeddable":true,"href":"https:\/\/praxis-sempach.musitext.ch\/fr\/wp-json\/wp\/v2\/comments?post=8618"}],"version-history":[{"count":13,"href":"https:\/\/praxis-sempach.musitext.ch\/fr\/wp-json\/wp\/v2\/pages\/8618\/revisions"}],"predecessor-version":[{"id":10313,"href":"https:\/\/praxis-sempach.musitext.ch\/fr\/wp-json\/wp\/v2\/pages\/8618\/revisions\/10313"}],"wp:attachment":[{"href":"https:\/\/praxis-sempach.musitext.ch\/fr\/wp-json\/wp\/v2\/media?parent=8618"}],"wp:term":[{"taxonomy":"difl_page_category","embeddable":true,"href":"https:\/\/praxis-sempach.musitext.ch\/fr\/wp-json\/wp\/v2\/difl_page_category?post=8618"}],"curies":[{"name":"wp","href":"https:\/\/api.w.org\/{rel}","templated":true}]}}