{"id":8638,"date":"2015-05-15T11:56:39","date_gmt":"2015-05-15T09:56:39","guid":{"rendered":"http:\/\/praxis-sempach.ch\/?page_id=8638"},"modified":"2023-10-11T11:24:49","modified_gmt":"2023-10-11T09:24:49","slug":"a-propos","status":"publish","type":"page","link":"https:\/\/praxis-sempach.musitext.ch\/fr\/a-propos\/","title":{"rendered":"A propos"},"content":{"rendered":"<p>[et_pb_section fb_built=\u00a0\u00bb1&Prime; inner_shadow=\u00a0\u00bbon\u00a0\u00bb admin_label=\u00a0\u00bbsection\u00a0\u00bb _builder_version=\u00a0\u00bb4.16&Prime; background_color=\u00a0\u00bb#ffffff\u00a0\u00bb background_image=\u00a0\u00bbhttps:\/\/praxis-sempach.musitext.ch\/wp-content\/uploads\/2015\/01\/praxis_sempach_bild_2.jpg\u00a0\u00bb box_shadow_style=\u00a0\u00bbpreset1&Prime; box_shadow_color=\u00a0\u00bb#a5a4a7&Prime; global_colors_info=\u00a0\u00bb{}\u00a0\u00bb][et_pb_row admin_label=\u00a0\u00bbrow\u00a0\u00bb _builder_version=\u00a0\u00bb4.16&Prime; background_size=\u00a0\u00bbinitial\u00a0\u00bb background_position=\u00a0\u00bbtop_left\u00a0\u00bb background_repeat=\u00a0\u00bbrepeat\u00a0\u00bb global_colors_info=\u00a0\u00bb{}\u00a0\u00bb][et_pb_column type=\u00a0\u00bb4_4&Prime; _builder_version=\u00a0\u00bb4.16&Prime; custom_padding=\u00a0\u00bb|||\u00a0\u00bb global_colors_info=\u00a0\u00bb{}\u00a0\u00bb custom_padding__hover=\u00a0\u00bb|||\u00a0\u00bb][et_pb_divider show_divider=\u00a0\u00bboff\u00a0\u00bb disabled_on=\u00a0\u00bbon|on|off\u00a0\u00bb _builder_version=\u00a0\u00bb4.18.0&Prime; height=\u00a0\u00bb270px\u00a0\u00bb height_tablet=\u00a0\u00bb100px\u00a0\u00bb height_phone=\u00a0\u00bb100px\u00a0\u00bb height_last_edited=\u00a0\u00bbon|phone\u00a0\u00bb custom_padding=\u00a0\u00bb||||true|false\u00a0\u00bb custom_padding_tablet=\u00a0\u00bb||||true|false\u00a0\u00bb custom_padding_phone=\u00a0\u00bb||||true|false\u00a0\u00bb custom_padding_last_edited=\u00a0\u00bbon|phone\u00a0\u00bb z_index_tablet=\u00a0\u00bb500&Prime; hide_on_mobile=\u00a0\u00bbon\u00a0\u00bb global_colors_info=\u00a0\u00bb{}\u00a0\u00bb][\/et_pb_divider][\/et_pb_column][\/et_pb_row][\/et_pb_section][et_pb_section fb_built=\u00a0\u00bb1&Prime; admin_label=\u00a0\u00bbsection\u00a0\u00bb _builder_version=\u00a0\u00bb4.16&Prime; background_color=\u00a0\u00bb#ffffff\u00a0\u00bb custom_padding=\u00a0\u00bb||3px|||\u00a0\u00bb global_colors_info=\u00a0\u00bb{}\u00a0\u00bb][et_pb_row column_structure=\u00a0\u00bb1_2,1_2&Prime; _builder_version=\u00a0\u00bb4.16&Prime; background_size=\u00a0\u00bbinitial\u00a0\u00bb background_position=\u00a0\u00bbtop_left\u00a0\u00bb background_repeat=\u00a0\u00bbrepeat\u00a0\u00bb global_colors_info=\u00a0\u00bb{}\u00a0\u00bb][et_pb_column type=\u00a0\u00bb1_2&Prime; _builder_version=\u00a0\u00bb4.16&Prime; custom_padding=\u00a0\u00bb|||\u00a0\u00bb global_colors_info=\u00a0\u00bb{}\u00a0\u00bb custom_padding__hover=\u00a0\u00bb|||\u00a0\u00bb][et_pb_image src=\u00a0\u00bbhttps:\/\/praxis-sempach.musitext.ch\/wp-content\/uploads\/2018\/12\/praxis_sempach_dr_med_pius_mu\u0308ller-1.jpg\u00a0\u00bb align_tablet=\u00a0\u00bbcenter\u00a0\u00bb align_phone=\u00a0\u00bb\u00a0\u00bb align_last_edited=\u00a0\u00bbon|desktop\u00a0\u00bb admin_label=\u00a0\u00bbImage Pius II\u00a0\u00bb _builder_version=\u00a0\u00bb4.16&Prime; global_colors_info=\u00a0\u00bb{}\u00a0\u00bb][\/et_pb_image][\/et_pb_column][et_pb_column type=\u00a0\u00bb1_2&Prime; _builder_version=\u00a0\u00bb4.16&Prime; custom_padding=\u00a0\u00bb|||\u00a0\u00bb global_colors_info=\u00a0\u00bb{}\u00a0\u00bb custom_padding__hover=\u00a0\u00bb|||\u00a0\u00bb][et_pb_text _builder_version=\u00a0\u00bb4.16&Prime; header_3_letter_spacing=\u00a0\u00bb1px\u00a0\u00bb header_3_font_size_tablet=\u00a0\u00bb\u00a0\u00bb header_3_font_size_phone=\u00a0\u00bb\u00a0\u00bb header_3_font_size_last_edited=\u00a0\u00bbon|phone\u00a0\u00bb global_colors_info=\u00a0\u00bb{}\u00a0\u00bb]<\/p>\n<h3>Dr. med. Pius M\u00fcller<br \/> M\u00e9decine interne FMH<\/h3>\n<ul>\n<li>Scolarit\u00e9 \u00e0 Sempach et Lucerne; Maturit\u00e9 Type A<\/li>\n<li>Etudes de m\u00e9decine \u00e0 Fribourg et \u00e0 Gen\u00e8ve, Examen f\u00e9d\u00e9ral \u00e0 Gen\u00e8ve (1982)<\/li>\n<li>M\u00e9decin assistant \u00e0 Cully VD et \u00e0 Gen\u00e8ve (Chirurgie, M\u00e9decine interne, 1982-1992)<\/li>\n<li>Chef de clinique \u00e0 l\u2019H\u00f4pital universitaire de Gen\u00e8ve (G\u00e9riatrie, 1992-1996)<\/li>\n<li>Doctorat en m\u00e9decine 1992; Dipl\u00f4me de m\u00e9decine interne FMH (1993) et de g\u00e9rontologie (CEFEG, 1994)<\/li>\n<li>M\u00e9decin assistant en gyn\u00e9cologie|obst\u00e9trique \u00e0 l\u2019H\u00f4pital de Sursee (1997)<\/li>\n<li>Cabinet ind\u00e9pendant de m\u00e9decine de premier recours \u00e0 Sempach depuis 1998<\/li>\n<li><strong>Langues : <\/strong>Allemand, fran\u00e7ais, anglais, russe<\/li>\n<\/ul>\n<p>[\/et_pb_text][\/et_pb_column][\/et_pb_row][et_pb_row _builder_version=\u00a0\u00bb4.16&Prime; background_size=\u00a0\u00bbinitial\u00a0\u00bb background_position=\u00a0\u00bbtop_left\u00a0\u00bb background_repeat=\u00a0\u00bbrepeat\u00a0\u00bb global_colors_info=\u00a0\u00bb{}\u00a0\u00bb][et_pb_column type=\u00a0\u00bb4_4&Prime; _builder_version=\u00a0\u00bb4.16&Prime; custom_padding=\u00a0\u00bb|||\u00a0\u00bb global_colors_info=\u00a0\u00bb{}\u00a0\u00bb custom_padding__hover=\u00a0\u00bb|||\u00a0\u00bb][et_pb_divider color=\u00a0\u00bb#4c4a4f\u00a0\u00bb _builder_version=\u00a0\u00bb4.16&Prime; height=\u00a0\u00bb14px\u00a0\u00bb global_colors_info=\u00a0\u00bb{}\u00a0\u00bb][\/et_pb_divider][\/et_pb_column][\/et_pb_row][et_pb_row column_structure=\u00a0\u00bb1_2,1_2&Prime; _builder_version=\u00a0\u00bb4.16&Prime; background_size=\u00a0\u00bbinitial\u00a0\u00bb background_position=\u00a0\u00bbtop_left\u00a0\u00bb background_repeat=\u00a0\u00bbrepeat\u00a0\u00bb global_colors_info=\u00a0\u00bb{}\u00a0\u00bb][et_pb_column type=\u00a0\u00bb1_2&Prime; _builder_version=\u00a0\u00bb4.16&Prime; custom_padding=\u00a0\u00bb|||\u00a0\u00bb global_colors_info=\u00a0\u00bb{}\u00a0\u00bb custom_padding__hover=\u00a0\u00bb|||\u00a0\u00bb][et_pb_image src=\u00a0\u00bbhttps:\/\/praxis-sempach.musitext.ch\/wp-content\/uploads\/2018\/12\/praxis_sempach_dr_med_simone_rohrbach-1.jpg\u00a0\u00bb align_tablet=\u00a0\u00bbcenter\u00a0\u00bb align_phone=\u00a0\u00bb\u00a0\u00bb align_last_edited=\u00a0\u00bbon|desktop\u00a0\u00bb admin_label=\u00a0\u00bbImage S. Rohrbach\u00a0\u00bb _builder_version=\u00a0\u00bb4.16&Prime; global_colors_info=\u00a0\u00bb{}\u00a0\u00bb][\/et_pb_image][\/et_pb_column][et_pb_column type=\u00a0\u00bb1_2&Prime; _builder_version=\u00a0\u00bb4.16&Prime; custom_padding=\u00a0\u00bb|||\u00a0\u00bb global_colors_info=\u00a0\u00bb{}\u00a0\u00bb custom_padding__hover=\u00a0\u00bb|||\u00a0\u00bb][et_pb_text _builder_version=\u00a0\u00bb4.16&Prime; global_colors_info=\u00a0\u00bb{}\u00a0\u00bb]<\/p>\n<h3>Dr. med. Simone Rohrbach<br \/> M\u00e9decine interne g\u00e9n\u00e9rale FMH<br \/> Psychosomatique ASMPP<\/h3>\n<ul>\n<li>Etudes de m\u00e9decine et Examen f\u00e9d\u00e9ral \u00e0 Berne (1983-1989)<\/li>\n<li>M\u00e9decin assistant en neurologie, anesth\u00e9sie, m\u00e9decine interne et n\u00e9phrologie (1990-1996)<\/li>\n<li>Doctorat en m\u00e9decine 1990; Dipl\u00f4me de m\u00e9decine interne FMH (1996)<\/li>\n<li>Attestation de formation compl\u00e9mentaire en m\u00e9decine psychosomatique et pschosociale de l\u2019<a href=\"https:\/\/www.sappm.ch\/fr\/\">ASMPP<\/a> (2005)<\/li>\n<li>Pratique en cabinet de m\u00e9decine de premier recours \u00e0 Berne (1996-2016)<\/li>\n<li>Formation de professeur de yoga (2018-2012) et de yogath\u00e9rapeute (2013-2014); plus d\u2019informations sur le site <a href=\"http:\/\/www.yogasattva.ch\">yogasattva.ch<\/a><\/li>\n<li>Depuis 2016, consultations psychosomatiques dans diff\u00e9rents cabinets m\u00e9dicaux dans les cantons de Berne et Lucerne<\/li>\n<li><strong>Langues\u00a0:<\/strong> Allemand, fran\u00e7ais, anglais, espagnol<\/li>\n<\/ul>\n<p>[\/et_pb_text][\/et_pb_column][\/et_pb_row][et_pb_row _builder_version=\u00a0\u00bb4.16&Prime; background_size=\u00a0\u00bbinitial\u00a0\u00bb background_position=\u00a0\u00bbtop_left\u00a0\u00bb background_repeat=\u00a0\u00bbrepeat\u00a0\u00bb global_colors_info=\u00a0\u00bb{}\u00a0\u00bb][et_pb_column type=\u00a0\u00bb4_4&Prime; _builder_version=\u00a0\u00bb4.16&Prime; custom_padding=\u00a0\u00bb|||\u00a0\u00bb global_colors_info=\u00a0\u00bb{}\u00a0\u00bb custom_padding__hover=\u00a0\u00bb|||\u00a0\u00bb][et_pb_divider color=\u00a0\u00bb#4c4a4f\u00a0\u00bb _builder_version=\u00a0\u00bb4.16&Prime; height=\u00a0\u00bb14px\u00a0\u00bb global_colors_info=\u00a0\u00bb{}\u00a0\u00bb][\/et_pb_divider][\/et_pb_column][\/et_pb_row][\/et_pb_section][et_pb_section fb_built=\u00a0\u00bb1&Prime; disabled_on=\u00a0\u00bbon|on|off\u00a0\u00bb _builder_version=\u00a0\u00bb4.16&Prime; _module_preset=\u00a0\u00bbdefault\u00a0\u00bb custom_margin=\u00a0\u00bb0px||||false|false\u00a0\u00bb custom_padding=\u00a0\u00bb0px||0px||true|false\u00a0\u00bb global_colors_info=\u00a0\u00bb{}\u00a0\u00bb][et_pb_row column_structure=\u00a0\u00bb1_2,1_2&Prime; disabled_on=\u00a0\u00bbon|off|off\u00a0\u00bb _builder_version=\u00a0\u00bb4.16&Prime; background_size=\u00a0\u00bbinitial\u00a0\u00bb background_position=\u00a0\u00bbtop_left\u00a0\u00bb background_repeat=\u00a0\u00bbrepeat\u00a0\u00bb global_colors_info=\u00a0\u00bb{}\u00a0\u00bb][et_pb_column type=\u00a0\u00bb1_2&Prime; _builder_version=\u00a0\u00bb4.16&Prime; custom_padding=\u00a0\u00bb|||\u00a0\u00bb global_colors_info=\u00a0\u00bb{}\u00a0\u00bb custom_padding__hover=\u00a0\u00bb|||\u00a0\u00bb][et_pb_image src=\u00a0\u00bbhttps:\/\/praxis-sempach.musitext.ch\/wp-content\/uploads\/2022\/10\/praxis_sempach_mpa_andrjana_mitrovic_2022.jpg\u00a0\u00bb alt=\u00a0\u00bbKarin Probst MPA Praxis Sempach Portraitbild\u00a0\u00bb title_text=\u00a0\u00bbpraxis_sempach_mpa_andrjana_mitrovic_2022&Prime; admin_label=\u00a0\u00bbImage Mitrovic\u00a0\u00bb _builder_version=\u00a0\u00bb4.18.0&Prime; _module_preset=\u00a0\u00bbdefault\u00a0\u00bb max_width=\u00a0\u00bb320px\u00a0\u00bb global_colors_info=\u00a0\u00bb{}\u00a0\u00bb][\/et_pb_image][et_pb_text admin_label=\u00a0\u00bbTexte Mitrovic\u00a0\u00bb _builder_version=\u00a0\u00bb4.20.4&Prime; _module_preset=\u00a0\u00bbdefault\u00a0\u00bb global_colors_info=\u00a0\u00bb{}\u00a0\u00bb]<\/p>\n<h3>Andrijana Mitrovic<\/h3>\n<p>Assistante m\u00e9dicale dipl\u00f4m\u00e9e | Instructrice en mati\u00e8re de diab\u00e8te<br \/>Langues: Allemand, serbe, anglais<\/p>\n<p>Responsable de l&rsquo;administration du cabinet et de la comptabilit\u00e9.<\/p>\n<p>[\/et_pb_text][\/et_pb_column][et_pb_column type=\u00a0\u00bb1_2&Prime; _builder_version=\u00a0\u00bb4.18.0&Prime; _module_preset=\u00a0\u00bbdefault\u00a0\u00bb global_colors_info=\u00a0\u00bb{}\u00a0\u00bb][et_pb_image src=\u00a0\u00bbhttps:\/\/praxis-sempach.musitext.ch\/wp-content\/uploads\/2022\/10\/praxis_sempach_mpa_milica_radicevic_2022.jpg\u00a0\u00bb alt=\u00a0\u00bbKarin Probst MPA Praxis Sempach Portraitbild\u00a0\u00bb title_text=\u00a0\u00bbpraxis_sempach_mpa_milica_radicevic_2022&Prime; admin_label=\u00a0\u00bbImage Radicevic\u00a0\u00bb _builder_version=\u00a0\u00bb4.22.1&Prime; _module_preset=\u00a0\u00bbdefault\u00a0\u00bb max_width=\u00a0\u00bb320px\u00a0\u00bb global_colors_info=\u00a0\u00bb{}\u00a0\u00bb][\/et_pb_image][et_pb_text admin_label=\u00a0\u00bbTexte Mitrovic\u00a0\u00bb _builder_version=\u00a0\u00bb4.22.1&Prime; _module_preset=\u00a0\u00bbdefault\u00a0\u00bb global_colors_info=\u00a0\u00bb{}\u00a0\u00bb]<\/p>\n<h3>Milica Radicevic<\/h3>\n<p>Assistante m\u00e9dicale dipl\u00f4m\u00e9e (temps partiel)<br \/>Langues: Allemand, serbe, anglais<\/p>\n<p>[\/et_pb_text][\/et_pb_column][\/et_pb_row][\/et_pb_section][et_pb_section fb_built=\u00a0\u00bb1&Prime; disabled_on=\u00a0\u00bboff|off|on\u00a0\u00bb _builder_version=\u00a0\u00bb4.16&Prime; _module_preset=\u00a0\u00bbdefault\u00a0\u00bb custom_padding=\u00a0\u00bb0px||0px||true|false\u00a0\u00bb global_colors_info=\u00a0\u00bb{}\u00a0\u00bb][et_pb_row column_structure=\u00a0\u00bb1_2,1_2&Prime; disabled_on=\u00a0\u00bboff|on|on\u00a0\u00bb _builder_version=\u00a0\u00bb4.16&Prime; _module_preset=\u00a0\u00bbdefault\u00a0\u00bb global_colors_info=\u00a0\u00bb{}\u00a0\u00bb][et_pb_column type=\u00a0\u00bb1_2&Prime; _builder_version=\u00a0\u00bb4.16&Prime; _module_preset=\u00a0\u00bbdefault\u00a0\u00bb global_colors_info=\u00a0\u00bb{}\u00a0\u00bb][et_pb_image src=\u00a0\u00bbhttps:\/\/praxis-sempach.musitext.ch\/wp-content\/uploads\/2022\/10\/praxis_sempach_mpa_andrjana_mitrovic_2022.jpg\u00a0\u00bb alt=\u00a0\u00bbKarin Probst MPA Praxis Sempach Portraitbild\u00a0\u00bb title_text=\u00a0\u00bbpraxis_sempach_mpa_andrjana_mitrovic_2022&Prime; disabled_on=\u00a0\u00bboff|off|on\u00a0\u00bb admin_label=\u00a0\u00bbImage Mitrovic\u00a0\u00bb _builder_version=\u00a0\u00bb4.22.1&Prime; _module_preset=\u00a0\u00bbdefault\u00a0\u00bb global_colors_info=\u00a0\u00bb{}\u00a0\u00bb][\/et_pb_image][\/et_pb_column][et_pb_column type=\u00a0\u00bb1_2&Prime; _builder_version=\u00a0\u00bb4.16&Prime; _module_preset=\u00a0\u00bbdefault\u00a0\u00bb global_colors_info=\u00a0\u00bb{}\u00a0\u00bb][et_pb_text disabled_on=\u00a0\u00bboff|off|on\u00a0\u00bb admin_label=\u00a0\u00bbTexte Mitrovic\u00a0\u00bb _builder_version=\u00a0\u00bb4.22.1&Prime; _module_preset=\u00a0\u00bbdefault\u00a0\u00bb global_colors_info=\u00a0\u00bb{}\u00a0\u00bb]<\/p>\n<h3>Andrijana Mitrovic<\/h3>\n<p>Assistante m\u00e9dicale dipl\u00f4m\u00e9e | Instructrice en mati\u00e8re de diab\u00e8te<br \/>Langues: Allemand, serbe, anglais<\/p>\n<p>Responsable de l&rsquo;administration du cabinet et de la comptabilit\u00e9.<\/p>\n<p>[\/et_pb_text][\/et_pb_column][\/et_pb_row][\/et_pb_section][et_pb_section fb_built=\u00a0\u00bb1&Prime; disabled_on=\u00a0\u00bboff|off|on\u00a0\u00bb _builder_version=\u00a0\u00bb4.16&Prime; _module_preset=\u00a0\u00bbdefault\u00a0\u00bb custom_padding=\u00a0\u00bb0px||0px||true|false\u00a0\u00bb global_colors_info=\u00a0\u00bb{}\u00a0\u00bb][et_pb_row column_structure=\u00a0\u00bb1_2,1_2&Prime; disabled_on=\u00a0\u00bboff|on|on\u00a0\u00bb _builder_version=\u00a0\u00bb4.16&Prime; _module_preset=\u00a0\u00bbdefault\u00a0\u00bb global_colors_info=\u00a0\u00bb{}\u00a0\u00bb][et_pb_column type=\u00a0\u00bb1_2&Prime; _builder_version=\u00a0\u00bb4.16&Prime; _module_preset=\u00a0\u00bbdefault\u00a0\u00bb global_colors_info=\u00a0\u00bb{}\u00a0\u00bb][et_pb_image src=\u00a0\u00bbhttps:\/\/praxis-sempach.musitext.ch\/wp-content\/uploads\/2022\/10\/praxis_sempach_mpa_milica_radicevic_2022.jpg\u00a0\u00bb alt=\u00a0\u00bbKarin Probst MPA Praxis Sempach Portraitbild\u00a0\u00bb title_text=\u00a0\u00bbpraxis_sempach_mpa_milica_radicevic_2022&Prime; disabled_on=\u00a0\u00bboff|off|on\u00a0\u00bb admin_label=\u00a0\u00bbImage Radicevic\u00a0\u00bb _builder_version=\u00a0\u00bb4.22.1&Prime; _module_preset=\u00a0\u00bbdefault\u00a0\u00bb global_colors_info=\u00a0\u00bb{}\u00a0\u00bb][\/et_pb_image][\/et_pb_column][et_pb_column type=\u00a0\u00bb1_2&Prime; _builder_version=\u00a0\u00bb4.16&Prime; _module_preset=\u00a0\u00bbdefault\u00a0\u00bb global_colors_info=\u00a0\u00bb{}\u00a0\u00bb][et_pb_text disabled_on=\u00a0\u00bboff|off|on\u00a0\u00bb admin_label=\u00a0\u00bbTexte Radicevic\u00a0\u00bb _builder_version=\u00a0\u00bb4.22.1&Prime; _module_preset=\u00a0\u00bbdefault\u00a0\u00bb global_colors_info=\u00a0\u00bb{}\u00a0\u00bb]<\/p>\n<h3>Milica Radicevic<\/h3>\n<p>Assistante m\u00e9dicale dipl\u00f4m\u00e9e (temps partiel)<br \/>Langues: Allemand, serbe, anglais<\/p>\n<p>[\/et_pb_text][\/et_pb_column][\/et_pb_row][\/et_pb_section]<\/p>\n","protected":false},"excerpt":{"rendered":"<p>Dr. med. Pius M\u00fcller M\u00e9decine interne FMH Scolarit\u00e9 \u00e0 Sempach et Lucerne; Maturit\u00e9 Type A Etudes de m\u00e9decine \u00e0 Fribourg et \u00e0 Gen\u00e8ve, Examen f\u00e9d\u00e9ral \u00e0 Gen\u00e8ve (1982) M\u00e9decin assistant \u00e0 Cully VD et \u00e0 Gen\u00e8ve (Chirurgie, M\u00e9decine interne, 1982-1992) Chef de clinique \u00e0 l\u2019H\u00f4pital universitaire de Gen\u00e8ve (G\u00e9riatrie, 1992-1996) Doctorat en m\u00e9decine 1992; Dipl\u00f4me [&hellip;]<\/p>\n","protected":false},"author":1,"featured_media":0,"parent":0,"menu_order":0,"comment_status":"open","ping_status":"open","template":"","meta":{"_et_pb_use_builder":"on","_et_pb_old_content":"","_et_gb_content_width":"","footnotes":""},"difl_page_category":[],"class_list":["post-8638","page","type-page","status-publish","hentry"],"_links":{"self":[{"href":"https:\/\/praxis-sempach.musitext.ch\/fr\/wp-json\/wp\/v2\/pages\/8638","targetHints":{"allow":["GET"]}}],"collection":[{"href":"https:\/\/praxis-sempach.musitext.ch\/fr\/wp-json\/wp\/v2\/pages"}],"about":[{"href":"https:\/\/praxis-sempach.musitext.ch\/fr\/wp-json\/wp\/v2\/types\/page"}],"author":[{"embeddable":true,"href":"https:\/\/praxis-sempach.musitext.ch\/fr\/wp-json\/wp\/v2\/users\/1"}],"replies":[{"embeddable":true,"href":"https:\/\/praxis-sempach.musitext.ch\/fr\/wp-json\/wp\/v2\/comments?post=8638"}],"version-history":[{"count":96,"href":"https:\/\/praxis-sempach.musitext.ch\/fr\/wp-json\/wp\/v2\/pages\/8638\/revisions"}],"predecessor-version":[{"id":10421,"href":"https:\/\/praxis-sempach.musitext.ch\/fr\/wp-json\/wp\/v2\/pages\/8638\/revisions\/10421"}],"wp:attachment":[{"href":"https:\/\/praxis-sempach.musitext.ch\/fr\/wp-json\/wp\/v2\/media?parent=8638"}],"wp:term":[{"taxonomy":"difl_page_category","embeddable":true,"href":"https:\/\/praxis-sempach.musitext.ch\/fr\/wp-json\/wp\/v2\/difl_page_category?post=8638"}],"curies":[{"name":"wp","href":"https:\/\/api.w.org\/{rel}","templated":true}]}}